{"id":8128,"date":"2018-02-02T10:53:24","date_gmt":"2018-02-02T09:53:24","guid":{"rendered":"http:\/\/elafolie.pl\/dtp\/"},"modified":"2023-03-22T22:32:43","modified_gmt":"2023-03-22T21:32:43","slug":"dtp","status":"publish","type":"page","link":"https:\/\/elafolie.pl\/ru\/dtp\/","title":{"rendered":"DTP"},"content":{"rendered":"[vc_row type=&#187;full_width_background&#187; full_screen_row_position=&#187;middle&#187; column_margin=&#187;default&#187; equal_height=&#187;yes&#187; content_placement=&#187;middle&#187; column_direction=&#187;default&#187; column_direction_tablet=&#187;default&#187; column_direction_phone=&#187;default&#187; bg_image=&#187;7504&#8243; bg_position=&#187;center center&#187; background_image_loading=&#187;default&#187; bg_repeat=&#187;no-repeat&#187; scene_position=&#187;center&#187; top_padding=&#187;15%&#187; bottom_padding=&#187;15%&#187; text_color=&#187;light&#187; text_align=&#187;left&#187; row_border_radius=&#187;none&#187; row_border_radius_applies=&#187;bg&#187; overflow=&#187;visible&#187; color_overlay=&#187;rgba(10,6,6,0.44)&#187; overlay_strength=&#187;0.5&#8243; gradient_direction=&#187;left_to_right&#187; shape_divider_position=&#187;bottom&#187; bg_image_animation=&#187;none&#187; parallax_bg=&#187;true&#187; parallax_bg_speed=&#187;fast&#187; shape_type=&#187;&#187;][vc_column column_padding=&#187;no-extra-padding&#187; column_padding_tablet=&#187;inherit&#187; column_padding_phone=&#187;inherit&#187; column_padding_position=&#187;all&#187; column_element_direction_desktop=&#187;default&#187; column_element_spacing=&#187;default&#187; desktop_text_alignment=&#187;default&#187; tablet_text_alignment=&#187;default&#187; phone_text_alignment=&#187;default&#187; background_color_opacity=&#187;1&#8243; background_hover_color_opacity=&#187;1&#8243; column_backdrop_filter=&#187;none&#187; column_shadow=&#187;none&#187; column_border_radius=&#187;none&#187; column_link_target=&#187;_self&#187; column_position=&#187;default&#187; gradient_direction=&#187;left_to_right&#187; overlay_strength=&#187;0.3&#8243; width=&#187;1\/1&#8243; tablet_width_inherit=&#187;default&#187; animation_type=&#187;default&#187; bg_image_animation=&#187;none&#187; border_type=&#187;simple&#187; column_border_width=&#187;none&#187; column_border_style=&#187;solid&#187;][vc_row_inner column_margin=&#187;default&#187; column_direction=&#187;default&#187; column_direction_tablet=&#187;default&#187; column_direction_phone=&#187;default&#187; text_align=&#187;left&#187; row_position=&#187;default&#187; row_position_tablet=&#187;inherit&#187; row_position_phone=&#187;inherit&#187; overflow=&#187;visible&#187; pointer_events=&#187;all&#187;][vc_column_inner column_padding=&#187;no-extra-padding&#187; column_padding_tablet=&#187;inherit&#187; column_padding_phone=&#187;inherit&#187; column_padding_position=&#187;all&#187; column_element_direction_desktop=&#187;default&#187; column_element_spacing=&#187;default&#187; desktop_text_alignment=&#187;default&#187; tablet_text_alignment=&#187;default&#187; phone_text_alignment=&#187;default&#187; background_color_opacity=&#187;1&#8243; background_hover_color_opacity=&#187;1&#8243; column_backdrop_filter=&#187;none&#187; column_shadow=&#187;none&#187; column_border_radius=&#187;none&#187; column_link_target=&#187;_self&#187; overflow=&#187;visible&#187; gradient_direction=&#187;left_to_right&#187; overlay_strength=&#187;0.3&#8243; width=&#187;1\/6&#8243; tablet_width_inherit=&#187;default&#187; animation_type=&#187;default&#187; bg_image_animation=&#187;none&#187; border_type=&#187;simple&#187; column_border_width=&#187;none&#187; column_border_style=&#187;solid&#187;][\/vc_column_inner][vc_column_inner column_padding=&#187;padding-2-percent&#187; column_padding_tablet=&#187;inherit&#187; column_padding_phone=&#187;inherit&#187; column_padding_position=&#187;left-right&#187; column_element_direction_desktop=&#187;default&#187; column_element_spacing=&#187;default&#187; centered_text=&#187;true&#187; desktop_text_alignment=&#187;default&#187; tablet_text_alignment=&#187;default&#187; phone_text_alignment=&#187;default&#187; background_color_opacity=&#187;1&#8243; background_hover_color_opacity=&#187;1&#8243; column_backdrop_filter=&#187;none&#187; column_shadow=&#187;none&#187; column_border_radius=&#187;none&#187; column_link_target=&#187;_self&#187; overflow=&#187;visible&#187; gradient_direction=&#187;left_to_right&#187; overlay_strength=&#187;0.3&#8243; width=&#187;2\/3&#8243; tablet_width_inherit=&#187;default&#187; animation_type=&#187;default&#187; bg_image_animation=&#187;none&#187; border_type=&#187;simple&#187; column_border_width=&#187;none&#187; column_border_style=&#187;solid&#187;][vc_custom_heading text=&#187;DTP&#187; font_container=&#187;tag:h2|font_size:62|text_align:center|line_height:52px&#187; use_theme_fonts=&#187;yes&#187; css_animation=&#187;fadeInUp&#187;][\/vc_column_inner][vc_column_inner column_padding=&#187;no-extra-padding&#187; column_padding_tablet=&#187;inherit&#187; column_padding_phone=&#187;inherit&#187; column_padding_position=&#187;all&#187; column_element_direction_desktop=&#187;default&#187; column_element_spacing=&#187;default&#187; desktop_text_alignment=&#187;default&#187; tablet_text_alignment=&#187;default&#187; phone_text_alignment=&#187;default&#187; background_color_opacity=&#187;1&#8243; background_hover_color_opacity=&#187;1&#8243; column_backdrop_filter=&#187;none&#187; column_shadow=&#187;none&#187; column_border_radius=&#187;none&#187; column_link_target=&#187;_self&#187; overflow=&#187;visible&#187; gradient_direction=&#187;left_to_right&#187; overlay_strength=&#187;0.3&#8243; width=&#187;1\/6&#8243; tablet_width_inherit=&#187;default&#187; animation_type=&#187;default&#187; bg_image_animation=&#187;none&#187; border_type=&#187;simple&#187; column_border_width=&#187;none&#187; column_border_style=&#187;solid&#187;][\/vc_column_inner][\/vc_row_inner][\/vc_column][\/vc_row][vc_row type=&#187;in_container&#187; full_screen_row_position=&#187;middle&#187; column_margin=&#187;default&#187; equal_height=&#187;yes&#187; content_placement=&#187;middle&#187; column_direction=&#187;default&#187; column_direction_tablet=&#187;default&#187; column_direction_phone=&#187;default&#187; scene_position=&#187;center&#187; top_padding=&#187;2%&#187; bottom_padding=&#187;10%&#187; text_color=&#187;dark&#187; text_align=&#187;left&#187; row_border_radius=&#187;none&#187; row_border_radius_applies=&#187;bg&#187; overflow=&#187;visible&#187; id=&#187;start&#187; overlay_strength=&#187;0.3&#8243; gradient_direction=&#187;left_to_right&#187; shape_divider_position=&#187;bottom&#187; bg_image_animation=&#187;none&#187; shape_type=&#187;&#187;][vc_column column_padding=&#187;no-extra-padding&#187; column_padding_tablet=&#187;inherit&#187; column_padding_phone=&#187;inherit&#187; column_padding_position=&#187;all&#187; column_element_direction_desktop=&#187;default&#187; column_element_spacing=&#187;default&#187; desktop_text_alignment=&#187;default&#187; tablet_text_alignment=&#187;default&#187; phone_text_alignment=&#187;default&#187; background_color_opacity=&#187;1&#8243; background_hover_color_opacity=&#187;1&#8243; column_backdrop_filter=&#187;none&#187; column_shadow=&#187;none&#187; column_border_radius=&#187;none&#187; column_link_target=&#187;_self&#187; column_position=&#187;default&#187; gradient_direction=&#187;left_to_right&#187; overlay_strength=&#187;0.3&#8243; width=&#187;1\/2&#8243; tablet_width_inherit=&#187;default&#187; animation_type=&#187;default&#187; bg_image_animation=&#187;none&#187; border_type=&#187;simple&#187; column_border_width=&#187;none&#187; column_border_style=&#187;solid&#187;][vc_custom_heading text=&#187;DTP&#187; font_container=&#187;tag:h2|font_size:42|text_align:left|line_height:52px&#187; use_theme_fonts=&#187;yes&#187; css_animation=&#187;fadeInUp&#187;][vc_column_text]\n<div>Praca DTP obejmuje przygotowanie projekt\u00f3w graficznych do druku.<\/div>\n<div>Projekt otrzymany od klienta w wersji elektronicznej zostaje dostosowany do wymog\u00f3w druku fleksograficznego zgodnie z wymaganiami dotycz\u0105cymi zamawianego opakowania takimi jak rodzaj pod\u0142o\u017ca, spos\u00f3b druku, ilo\u015b\u0107 u\u017cytych kolor\u00f3w czy lakieru.<\/div>\n<div>Wed\u0142ug uzgodnionej specyfikacji technicznej opracowany zostaje monta\u017c u\u017cytku oraz pliki pogl\u0105dowe i wydruki pr\u00f3bne b\u0119d\u0105ce podstaw\u0105 akceptacji przez klienta.<\/div>\n<div>Kolejnym krokiem jest przygotowanie monta\u017cu separacji, kt\u00f3re nast\u0119pnie przekazywane s\u0105 w formie elektronicznej do wykonania fotopolimerowych form drukowych.<\/div>\n<div><\/div>\n[\/vc_column_text][\/vc_column][vc_column column_padding=&#187;no-extra-padding&#187; column_padding_tablet=&#187;inherit&#187; column_padding_phone=&#187;inherit&#187; column_padding_position=&#187;all&#187; column_element_direction_desktop=&#187;default&#187; column_element_spacing=&#187;default&#187; desktop_text_alignment=&#187;default&#187; tablet_text_alignment=&#187;default&#187; phone_text_alignment=&#187;default&#187; background_color_opacity=&#187;1&#8243; background_hover_color_opacity=&#187;1&#8243; column_backdrop_filter=&#187;none&#187; column_shadow=&#187;none&#187; column_border_radius=&#187;none&#187; column_link_target=&#187;_self&#187; column_position=&#187;default&#187; gradient_direction=&#187;left_to_right&#187; overlay_strength=&#187;0.3&#8243; width=&#187;1\/2&#8243; tablet_width_inherit=&#187;default&#187; animation_type=&#187;default&#187; bg_image_animation=&#187;none&#187; border_type=&#187;simple&#187; column_border_width=&#187;none&#187; column_border_style=&#187;solid&#187;][image_with_animation image_url=&#187;7089&#8243; image_size=&#187;full&#187; animation_type=&#187;entrance&#187; animation=&#187;None&#187; animation_movement_type=&#187;transform_y&#187; hover_animation=&#187;none&#187; alignment=&#187;center&#187; border_radius=&#187;none&#187; box_shadow=&#187;small_depth&#187; image_loading=&#187;default&#187; max_width=&#187;100%&#187; max_width_mobile=&#187;default&#187;][\/vc_column][\/vc_row][vc_row type=&#187;full_width_background&#187; full_screen_row_position=&#187;middle&#187; column_margin=&#187;default&#187; column_direction=&#187;default&#187; column_direction_tablet=&#187;default&#187; column_direction_phone=&#187;default&#187; bg_color=&#187;#f2f2f2&#8243; scene_position=&#187;center&#187; top_padding=&#187;60&#8243; text_color=&#187;dark&#187; text_align=&#187;left&#187; row_border_radius=&#187;none&#187; row_border_radius_applies=&#187;bg&#187; overflow=&#187;visible&#187; overlay_strength=&#187;0.3&#8243; gradient_direction=&#187;left_to_right&#187; enable_shape_divider=&#187;true&#187; shape_divider_color=&#187;#ffffff&#187; shape_divider_position=&#187;top&#187; shape_divider_height=&#187;80&#8243; bg_image_animation=&#187;none&#187; shape_type=&#187;curve&#187;][vc_column column_padding=&#187;no-extra-padding&#187; column_padding_tablet=&#187;inherit&#187; column_padding_phone=&#187;inherit&#187; column_padding_position=&#187;all&#187; column_element_direction_desktop=&#187;default&#187; column_element_spacing=&#187;default&#187; desktop_text_alignment=&#187;default&#187; tablet_text_alignment=&#187;default&#187; phone_text_alignment=&#187;default&#187; background_color_opacity=&#187;1&#8243; background_hover_color_opacity=&#187;1&#8243; column_backdrop_filter=&#187;none&#187; font_color=&#187;#ffffff&#187; column_shadow=&#187;none&#187; column_border_radius=&#187;none&#187; column_link_target=&#187;_self&#187; column_position=&#187;default&#187; gradient_direction=&#187;left_to_right&#187; overlay_strength=&#187;0.3&#8243; width=&#187;1\/1&#8243; tablet_width_inherit=&#187;default&#187; animation_type=&#187;default&#187; bg_image_animation=&#187;none&#187; border_type=&#187;simple&#187; column_border_width=&#187;none&#187; column_border_style=&#187;solid&#187; column_padding_type=&#187;default&#187; gradient_type=&#187;default&#187;][vc_row_inner column_margin=&#187;default&#187; column_direction=&#187;default&#187; column_direction_tablet=&#187;default&#187; column_direction_phone=&#187;default&#187; translate_y=&#187;-50%&#187; text_align=&#187;left&#187; row_position=&#187;default&#187; row_position_tablet=&#187;inherit&#187; row_position_phone=&#187;inherit&#187; overflow=&#187;visible&#187; pointer_events=&#187;all&#187;][vc_column_inner column_padding=&#187;padding-3-percent&#187; column_padding_tablet=&#187;inherit&#187; column_padding_phone=&#187;inherit&#187; column_padding_position=&#187;all&#187; top_margin=&#187;15&#8243; column_element_direction_desktop=&#187;default&#187; column_element_spacing=&#187;default&#187; centered_text=&#187;true&#187; desktop_text_alignment=&#187;default&#187; tablet_text_alignment=&#187;default&#187; phone_text_alignment=&#187;default&#187; background_color=&#187;#003150&#8243; background_color_opacity=&#187;1&#8243; background_hover_color_opacity=&#187;1&#8243; column_backdrop_filter=&#187;none&#187; font_color=&#187;#ffffff&#187; column_shadow=&#187;x_large_depth&#187; column_border_radius=&#187;20px&#187; column_link_target=&#187;_self&#187; overflow=&#187;visible&#187; gradient_direction=&#187;left_to_right&#187; overlay_strength=&#187;0.3&#8243; width=&#187;1\/1&#8243; tablet_width_inherit=&#187;default&#187; animation_type=&#187;default&#187; enable_animation=&#187;true&#187; animation=&#187;flip-in-vertical&#187; animation_easing=&#187;default&#187; bg_image_animation=&#187;none&#187; border_type=&#187;simple&#187; column_border_width=&#187;none&#187; column_border_style=&#187;solid&#187;][divider line_type=&#187;No Line&#187; custom_height=&#187;15&#8243;][vc_column_text]\n<h2 style=\"text-align: center;\"><span style=\"color: #ffffff;\">Skontaktuj si\u0119 z naszym doradc\u0105!<\/span><\/h2>\n<p style=\"text-align: center;\"><span style=\"color: #ffffff;\">+48 (22) 789 75 67<\/span><br \/>\n<span style=\"color: #ffffff;\"> <a style=\"color: #ffffff;\" href=\"mailto:marketing@elafolie.pl\">marketing@elafolie.pl<\/a><\/span><\/p>\n[\/vc_column_text][nectar_btn size=&#187;large&#187; open_new_tab=&#187;true&#187; button_style=&#187;see-through-2&#8243; color_override=&#187;#ffffff&#187; hover_color_override=&#187;#ffffff&#187; hover_text_color_override=&#187;#000000&#8243; icon_family=&#187;none&#187; url=&#187;http:\/\/elafolie.pl\/kontakt&#187; text=&#187;Wy\u015blij zapytanie&#187; margin_top=&#187;30&#8243; margin_bottom=&#187;1&#8243;][divider line_type=&#187;No Line&#187; custom_height=&#187;15&#8243;][\/vc_column_inner][\/vc_row_inner][image_with_animation image_url=&#187;8551&#8243; image_size=&#187;full&#187; animation_type=&#187;entrance&#187; animation=&#187;Fade In&#187; animation_easing=&#187;default&#187; animation_movement_type=&#187;transform_y&#187; hover_animation=&#187;none&#187; alignment=&#187;&#187; border_radius=&#187;none&#187; box_shadow=&#187;none&#187; image_loading=&#187;default&#187; max_width=&#187;100%&#187; max_width_mobile=&#187;default&#187;][\/vc_column][\/vc_row]\n","protected":false},"excerpt":{"rendered":"<p>[vc_row type=&#187;full_width_background&#187; full_screen_row_position=&#187;middle&#187; column_margin=&#187;default&#187; equal_height=&#187;yes&#187; content_placement=&#187;middle&#187; column_direction=&#187;default&#187; column_direction_tablet=&#187;default&#187; column_direction_phone=&#187;default&#187; bg_image=&#187;7504&#8243; bg_position=&#187;center center&#187; background_image_loading=&#187;default&#187; bg_repeat=&#187;no-repeat&#187; scene_position=&#187;center&#187; top_padding=&#187;15%&#187; bottom_padding=&#187;15%&#187; text_color=&#187;light&#187; text_align=&#187;left&#187; row_border_radius=&#187;none&#187; row_border_radius_applies=&#187;bg&#187; overflow=&#187;visible&#187; color_overlay=&#187;rgba(10,6,6,0.44)&#187; overlay_strength=&#187;0.5&#8243; gradient_direction=&#187;left_to_right&#187;&#8230;<\/p>\n","protected":false},"author":1,"featured_media":0,"parent":0,"menu_order":0,"comment_status":"closed","ping_status":"closed","template":"","meta":[],"_links":{"self":[{"href":"https:\/\/elafolie.pl\/ru\/wp-json\/wp\/v2\/pages\/8128"}],"collection":[{"href":"https:\/\/elafolie.pl\/ru\/wp-json\/wp\/v2\/pages"}],"about":[{"href":"https:\/\/elafolie.pl\/ru\/wp-json\/wp\/v2\/types\/page"}],"author":[{"embeddable":true,"href":"https:\/\/elafolie.pl\/ru\/wp-json\/wp\/v2\/users\/1"}],"replies":[{"embeddable":true,"href":"https:\/\/elafolie.pl\/ru\/wp-json\/wp\/v2\/comments?post=8128"}],"version-history":[{"count":7,"href":"https:\/\/elafolie.pl\/ru\/wp-json\/wp\/v2\/pages\/8128\/revisions"}],"predecessor-version":[{"id":10035,"href":"https:\/\/elafolie.pl\/ru\/wp-json\/wp\/v2\/pages\/8128\/revisions\/10035"}],"wp:attachment":[{"href":"https:\/\/elafolie.pl\/ru\/wp-json\/wp\/v2\/media?parent=8128"}],"curies":[{"name":"wp","href":"https:\/\/api.w.org\/{rel}","templated":true}]}}