{"id":7806,"date":"2017-12-10T18:07:02","date_gmt":"2017-12-10T17:07:02","guid":{"rendered":"http:\/\/elafolie.stronazen.pl\/folie-do-pakowania-opalow\/"},"modified":"2018-03-22T12:34:35","modified_gmt":"2018-03-22T11:34:35","slug":"folien-zur-verpackung-der-heizmaterialien","status":"publish","type":"page","link":"https:\/\/elafolie.pl\/de\/folien-zur-verpackung-der-heizmaterialien\/","title":{"rendered":"Folien zur Verpackung der Heizmaterialien"},"content":{"rendered":"[vc_row type=&#8220;full_width_background&#8220; full_screen_row_position=&#8220;middle&#8220; equal_height=&#8220;yes&#8220; content_placement=&#8220;middle&#8220; scene_position=&#8220;center&#8220; text_color=&#8220;light&#8220; text_align=&#8220;left&#8220; top_padding=&#8220;1%&#8220; bottom_padding=&#8220;3%&#8220; id=&#8220;built-by-riders&#8220; row_name=&#8220;Built By Riders&#8220; overlay_strength=&#8220;0.3&#8243; shape_divider_position=&#8220;bottom&#8220; shape_type=&#8220;&#8220;][vc_column column_padding=&#8220;no-extra-padding&#8220; column_padding_position=&#8220;all&#8220; background_color_opacity=&#8220;1&#8243; background_hover_color_opacity=&#8220;1&#8243; column_shadow=&#8220;none&#8220; column_border_radius=&#8220;none&#8220; width=&#8220;1\/4&#8243; tablet_text_alignment=&#8220;default&#8220; phone_text_alignment=&#8220;default&#8220; column_border_width=&#8220;none&#8220; column_border_style=&#8220;solid&#8220;][\/vc_column][vc_column enable_animation=&#8220;true&#8220; animation=&#8220;fade-in&#8220; centered_text=&#8220;true&#8220; column_padding=&#8220;no-extra-padding&#8220; column_padding_position=&#8220;all&#8220; background_color_opacity=&#8220;1&#8243; background_hover_color_opacity=&#8220;1&#8243; column_shadow=&#8220;none&#8220; column_border_radius=&#8220;none&#8220; width=&#8220;1\/2&#8243; tablet_text_alignment=&#8220;default&#8220; phone_text_alignment=&#8220;default&#8220; column_border_width=&#8220;none&#8220; column_border_style=&#8220;solid&#8220;][divider line_type=&#8220;No Line&#8220; custom_height=&#8220;52&#8243;][nectar_animated_title heading_tag=&#8220;h6&#8243; style=&#8220;color-strip-reveal&#8220; color=&#8220;Extra-Color-1&#8243; text=&#8220;F\u00fcrs Haus und den Garten &#8222;][vc_column_text]\n<h2><span style=\"color: #000000;\">Folien zur Verpackung der Heizmaterialien <\/span><\/h2>\n[\/vc_column_text][vc_column_text css=&#8220;.vc_custom_1520529325799{margin-top: 20px !important;}&#8220;]<span style=\"color: #000000;\">Folien mit Aufdruck, Folien auf Band, die zur Formierung der Verpackungen mit hinterem Schwei\u00dfen verwendet werden. In Bezug sowohl auf das Packungssystem, als auch auf den Inhalt der Folien verwenden wir eine ganze Reihe von Zus\u00e4tzen, die die Schwei\u00dfm\u00f6glichkeit und Best\u00e4ndigkeitsparameter der Folien verbessern. Je nach den Bed\u00fcrfnissen des Kunden verwenden wir Folien mit der Dicke von 60-140 \u00b5m. M\u00f6glichkeit des vertikalen Schwei\u00dfens in verschiedenen Konfigurationen A zu A sowie A zu B. Die Folie besitzt auch den UV-Stabilisator.<\/span>[\/vc_column_text][\/vc_column][vc_column column_padding=&#8220;no-extra-padding&#8220; column_padding_position=&#8220;all&#8220; background_color_opacity=&#8220;1&#8243; background_hover_color_opacity=&#8220;1&#8243; column_shadow=&#8220;none&#8220; column_border_radius=&#8220;none&#8220; width=&#8220;1\/4&#8243; tablet_text_alignment=&#8220;default&#8220; phone_text_alignment=&#8220;default&#8220; column_border_width=&#8220;none&#8220; column_border_style=&#8220;solid&#8220;][\/vc_column][\/vc_row][vc_row type=&#8220;full_width_background&#8220; full_screen_row_position=&#8220;middle&#8220; equal_height=&#8220;yes&#8220; content_placement=&#8220;middle&#8220; scene_position=&#8220;center&#8220; text_color=&#8220;light&#8220; text_align=&#8220;left&#8220; top_padding=&#8220;1%&#8220; bottom_padding=&#8220;3%&#8220; id=&#8220;built-by-riders&#8220; row_name=&#8220;Built By Riders&#8220; disable_element=&#8220;yes&#8220; overlay_strength=&#8220;0.3&#8243; shape_divider_position=&#8220;bottom&#8220; shape_type=&#8220;&#8220;][vc_column column_padding=&#8220;no-extra-padding&#8220; column_padding_position=&#8220;all&#8220; background_color_opacity=&#8220;1&#8243; background_hover_color_opacity=&#8220;1&#8243; column_shadow=&#8220;none&#8220; column_border_radius=&#8220;none&#8220; width=&#8220;1\/2&#8243; tablet_text_alignment=&#8220;default&#8220; phone_text_alignment=&#8220;default&#8220; column_border_width=&#8220;none&#8220; column_border_style=&#8220;solid&#8220;][nectar_cascading_images image_1_bg_color=&#8220;#c01a1c&#8220; image_1_offset_x_sign=&#8220;+&#8220; image_1_offset_x=&#8220;0%&#8220; image_1_offset_y_sign=&#8220;+&#8220; image_1_offset_y=&#8220;0%&#8220; image_1_rotate_sign=&#8220;+&#8220; image_1_rotate=&#8220;none&#8220; image_1_animation=&#8220;Grow In&#8220; image_1_box_shadow=&#8220;none&#8220; image_2_url=&#8220;7173&#8243; image_2_offset_x_sign=&#8220;+&#8220; image_2_offset_x=&#8220;10%&#8220; image_2_offset_y_sign=&#8220;+&#8220; image_2_offset_y=&#8220;15%&#8220; image_2_rotate_sign=&#8220;+&#8220; image_2_rotate=&#8220;none&#8220; image_2_animation=&#8220;Grow In&#8220; image_2_box_shadow=&#8220;none&#8220; image_3_offset_x_sign=&#8220;-&#8220; image_3_offset_x=&#8220;0%&#8220; image_3_offset_y_sign=&#8220;-&#8220; image_3_offset_y=&#8220;0%&#8220; image_3_rotate_sign=&#8220;+&#8220; image_3_rotate=&#8220;none&#8220; image_3_animation=&#8220;Grow In&#8220; image_3_box_shadow=&#8220;x_large_depth&#8220; image_4_offset_x_sign=&#8220;+&#8220; image_4_offset_x=&#8220;0%&#8220; image_4_offset_y_sign=&#8220;+&#8220; image_4_offset_y=&#8220;0%&#8220; image_4_rotate_sign=&#8220;+&#8220; image_4_rotate=&#8220;none&#8220; image_4_animation=&#8220;Fade In&#8220; image_4_box_shadow=&#8220;none&#8220; border_radius=&#8220;none&#8220;][\/vc_column][vc_column enable_animation=&#8220;true&#8220; animation=&#8220;fade-in&#8220; column_padding=&#8220;no-extra-padding&#8220; column_padding_position=&#8220;all&#8220; background_color_opacity=&#8220;1&#8243; background_hover_color_opacity=&#8220;1&#8243; column_shadow=&#8220;none&#8220; column_border_radius=&#8220;none&#8220; width=&#8220;1\/2&#8243; tablet_text_alignment=&#8220;default&#8220; phone_text_alignment=&#8220;default&#8220; column_border_width=&#8220;none&#8220; column_border_style=&#8220;solid&#8220;][divider line_type=&#8220;No Line&#8220; custom_height=&#8220;52&#8243;][nectar_animated_title heading_tag=&#8220;h6&#8243; style=&#8220;color-strip-reveal&#8220; color=&#8220;Extra-Color-1&#8243; text=&#8220;DOM I OGR\u00d3D&#8220;][vc_column_text]\n<h2><span style=\"color: #000000;\">Folie do pakowania opa\u0142\u00f3w <\/span><\/h2>\n[\/vc_column_text][vc_column_text css=&#8220;.vc_custom_1520263767275{margin-top: 20px !important;padding-right: 10% !important;}&#8220;]<span style=\"color: #000000;\">Folie z nadrukiem, w ta\u015bmach, u\u017cywane do formowania opakowa\u0144 z tylnym zgrzewem. Z uwagi na system pakowania, jak r\u00f3wnie\u017c zawarto\u015b\u0107 do tych folii, stosujemy szereg dodatk\u00f3w, kt\u00f3re poprawiaj\u0105 zgrzewalno\u015b\u0107 i parametry wytrzyma\u0142o\u015bciowe folii.\u00a0W zale\u017cno\u015bci od potrzeb Klienta stosujemy folie o grubo\u015bci od 60-140 \u00b5m. Mo\u017cliwo\u015b\u0107 zgrzewu pionowego w r\u00f3\u017cnych konfiguracjach A do A oraz A do B. Folia r\u00f3wnie\u017c ma dodatek stabilizatora UV.\u00a0<\/span>[\/vc_column_text][\/vc_column][\/vc_row][vc_row type=&#8220;full_width_background&#8220; full_screen_row_position=&#8220;middle&#8220; equal_height=&#8220;yes&#8220; content_placement=&#8220;middle&#8220; bg_color=&#8220;#f9f9f9&#8243; scene_position=&#8220;center&#8220; text_color=&#8220;dark&#8220; text_align=&#8220;left&#8220; top_padding=&#8220;2%&#8220; bottom_padding=&#8220;1%&#8220; overlay_strength=&#8220;0.3&#8243; shape_divider_position=&#8220;bottom&#8220; shape_type=&#8220;&#8220;][vc_column column_padding=&#8220;no-extra-padding&#8220; column_padding_position=&#8220;all&#8220; background_color_opacity=&#8220;1&#8243; background_hover_color_opacity=&#8220;1&#8243; column_shadow=&#8220;none&#8220; column_border_radius=&#8220;none&#8220; width=&#8220;1\/4&#8243; tablet_text_alignment=&#8220;center&#8220; phone_text_alignment=&#8220;center&#8220; column_border_width=&#8220;none&#8220; column_border_style=&#8220;solid&#8220;][vc_custom_heading text=&#8220;Katalog&#8220; font_container=&#8220;tag:h5|text_align:left&#8220; google_fonts=&#8220;font_family:Roboto%20Condensed%3A300%2C300italic%2Cregular%2Citalic%2C700%2C700italic|font_style:700%20bold%20regular%3A700%3Anormal&#8220;][\/vc_column][vc_column column_padding=&#8220;no-extra-padding&#8220; column_padding_position=&#8220;all&#8220; background_color_opacity=&#8220;1&#8243; background_hover_color_opacity=&#8220;1&#8243; column_shadow=&#8220;none&#8220; column_border_radius=&#8220;none&#8220; width=&#8220;1\/2&#8243; tablet_text_alignment=&#8220;center&#8220; phone_text_alignment=&#8220;center&#8220; column_border_width=&#8220;none&#8220; column_border_style=&#8220;solid&#8220;][vc_custom_heading text=&#8220;Schauen Sie sich unseren Produktkatalog an!&#8220; font_container=&#8220;tag:h5|text_align:center&#8220; google_fonts=&#8220;font_family:Roboto%20Condensed%3A300%2C300italic%2Cregular%2Citalic%2C700%2C700italic|font_style:700%20bold%20regular%3A700%3Anormal&#8220;][\/vc_column][vc_column column_padding=&#8220;no-extra-padding&#8220; column_padding_position=&#8220;all&#8220; background_color_opacity=&#8220;1&#8243; background_hover_color_opacity=&#8220;1&#8243; column_shadow=&#8220;none&#8220; column_border_radius=&#8220;none&#8220; width=&#8220;1\/4&#8243; tablet_text_alignment=&#8220;default&#8220; phone_text_alignment=&#8220;default&#8220; column_border_width=&#8220;none&#8220; column_border_style=&#8220;solid&#8220;][vc_row_inner column_margin=&#8220;default&#8220; text_align=&#8220;right&#8220;][vc_column_inner column_padding=&#8220;no-extra-padding&#8220; column_padding_position=&#8220;all&#8220; background_color_opacity=&#8220;1&#8243; background_hover_color_opacity=&#8220;1&#8243; column_shadow=&#8220;none&#8220; column_border_radius=&#8220;none&#8220; width=&#8220;1\/1&#8243; column_border_width=&#8220;none&#8220; column_border_style=&#8220;solid&#8220;][divider line_type=&#8220;No Line&#8220; custom_height=&#8220;10&#8243;][nectar_btn size=&#8220;large&#8220; button_style=&#8220;see-through&#8220; button_color_2=&#8220;Extra-Color-1&#8243; icon_family=&#8220;none&#8220; url=&#8220;http:\/\/elafolie.pl\/wp-content\/uploads\/2018\/03\/INT_DE.pdf&#8220; text=&#8220;SIEHE KATALOG&#8220; margin_bottom=&#8220;0&#8243;][\/vc_column_inner][\/vc_row_inner][\/vc_column][\/vc_row][vc_row type=&#8220;full_width_background&#8220; full_screen_row_position=&#8220;middle&#8220; equal_height=&#8220;yes&#8220; content_placement=&#8220;middle&#8220; bg_color=&#8220;#ffffff&#8220; scene_position=&#8220;center&#8220; text_color=&#8220;dark&#8220; text_align=&#8220;left&#8220; top_padding=&#8220;6%&#8220; bottom_padding=&#8220;11%&#8220; overlay_strength=&#8220;0.3&#8243; shape_divider_position=&#8220;bottom&#8220; shape_type=&#8220;&#8220;][vc_column column_padding=&#8220;no-extra-padding&#8220; column_padding_position=&#8220;all&#8220; background_color_opacity=&#8220;1&#8243; background_hover_color_opacity=&#8220;1&#8243; column_shadow=&#8220;none&#8220; column_border_radius=&#8220;none&#8220; width=&#8220;3\/12&#8243; tablet_text_alignment=&#8220;default&#8220; phone_text_alignment=&#8220;default&#8220; column_border_width=&#8220;none&#8220; column_border_style=&#8220;solid&#8220;][vc_custom_heading text=&#8220;Kundschaft&#8220; font_container=&#8220;tag:h1|text_align:center|color:%23003150&#8243; google_fonts=&#8220;font_family:Hind%3A300%2Cregular%2C500%2C600%2C700|font_style:700%20bold%20regular%3A700%3Anormal&#8220; css_animation=&#8220;none&#8220; css=&#8220;.vc_custom_1520529225559{padding-top: 10px !important;}&#8220;][\/vc_column][vc_column column_padding=&#8220;no-extra-padding&#8220; column_padding_position=&#8220;all&#8220; background_color_opacity=&#8220;1&#8243; background_hover_color_opacity=&#8220;1&#8243; column_shadow=&#8220;none&#8220; column_border_radius=&#8220;none&#8220; width=&#8220;9\/12&#8243; tablet_text_alignment=&#8220;default&#8220; phone_text_alignment=&#8220;default&#8220; column_border_width=&#8220;none&#8220; column_border_style=&#8220;solid&#8220;][clients columns=&#8220;5&#8243; hover_effect=&#8220;opacity&#8220; additional_padding=&#8220;none&#8220; carousel=&#8220;true&#8220;][client image=&#8220;7046&#8243; title=&#8220;Client&#8220; id=&#8220;1507130915658-538e0-6b36&#8243; url=&#8220;#&#8220; name=&#8220;elevate&#8220; tab_id=&#8220;1512584261137-3&#8243;] \u00a0[\/client][client image=&#8220;7042&#8243; title=&#8220;Client&#8220; id=&#8220;1507130915688-238e0-6b36&#8243; url=&#8220;#&#8220; name=&#8220;harper&#8220; tab_id=&#8220;1512584261210-0&#8243;] [\/client][client image=&#8220;7038&#8243; title=&#8220;Client&#8220; id=&#8220;1507130915722-338e0-6b36&#8243; url=&#8220;#&#8220; name=&#8220;waveform&#8220; tab_id=&#8220;1512584261367-4&#8243;] [\/client][client image=&#8220;7034&#8243; title=&#8220;Client&#8220; id=&#8220;1507130915763-338e0-6b36&#8243; url=&#8220;#&#8220; name=&#8220;brooklyn&#8220; tab_id=&#8220;1512584261416-7&#8243;] [\/client][client image=&#8220;7030&#8243; title=&#8220;Client&#8220; id=&#8220;1507130915805-338e0-6b36&#8243; url=&#8220;#&#8220; name=&#8220;camallero&#8220; tab_id=&#8220;1512584261461-6&#8243;][\/client][client image=&#8220;7026&#8243; title=&#8220;Client&#8220; id=&#8220;1507130915846-438e0-6b36&#8243; url=&#8220;#&#8220; name=&#8220;ollostream&#8220; tab_id=&#8220;1512584261527-7&#8243;] [\/client][client image=&#8220;7022&#8243; title=&#8220;Client&#8220; id=&#8220;1507130915873-438e0-6b36&#8243; url=&#8220;#&#8220; name=&#8220;golden grid&#8220; tab_id=&#8220;1512584261565-7&#8243;][\/client][client image=&#8220;7274&#8243; title=&#8220;Client&#8220; id=&#8220;1519940865118-0-10&#8243; tab_id=&#8220;1519940865121-6&#8243;][\/client][client image=&#8220;7653&#8243; title=&#8220;Client&#8220; id=&#8220;1520432901484-0-9&#8243; tab_id=&#8220;1520432901488-2&#8243;][\/client][client image=&#8220;7649&#8243; title=&#8220;Client&#8220; id=&#8220;1520432913160-0-10&#8243; tab_id=&#8220;1520432913163-3&#8243;][\/client][\/clients][\/vc_column][\/vc_row][vc_row type=&#8220;full_width_background&#8220; full_screen_row_position=&#8220;middle&#8220; bg_color=&#8220;#f2f2f2&#8243; scene_position=&#8220;center&#8220; text_color=&#8220;dark&#8220; text_align=&#8220;left&#8220; top_padding=&#8220;60&#8243; overlay_strength=&#8220;0.3&#8243; enable_shape_divider=&#8220;true&#8220; shape_divider_color=&#8220;#ffffff&#8220; shape_divider_position=&#8220;top&#8220; shape_divider_height=&#8220;80&#8243; shape_type=&#8220;curve&#8220;][vc_column column_padding=&#8220;no-extra-padding&#8220; column_padding_position=&#8220;all&#8220; background_color_opacity=&#8220;1&#8243; background_hover_color_opacity=&#8220;1&#8243; font_color=&#8220;#ffffff&#8220; column_shadow=&#8220;none&#8220; column_border_radius=&#8220;none&#8220; width=&#8220;1\/1&#8243; tablet_text_alignment=&#8220;default&#8220; phone_text_alignment=&#8220;default&#8220; column_border_width=&#8220;none&#8220; column_border_style=&#8220;solid&#8220; translate_y=&#8220;-50%&#8220;][vc_row_inner column_margin=&#8220;default&#8220; translate_y=&#8220;-50%&#8220; text_align=&#8220;left&#8220;][vc_column_inner enable_animation=&#8220;true&#8220; animation=&#8220;flip-in-vertical&#8220; column_padding=&#8220;padding-3-percent&#8220; column_padding_position=&#8220;all&#8220; centered_text=&#8220;true&#8220; background_color=&#8220;#003150&#8243; background_color_opacity=&#8220;1&#8243; background_hover_color_opacity=&#8220;1&#8243; font_color=&#8220;#ffffff&#8220; column_shadow=&#8220;x_large_depth&#8220; column_border_radius=&#8220;20px&#8220; top_margin=&#8220;15&#8243; width=&#8220;1\/1&#8243; column_border_width=&#8220;none&#8220; column_border_style=&#8220;solid&#8220;][divider line_type=&#8220;No Line&#8220; custom_height=&#8220;15&#8243;][vc_column_text]\n<h2 style=\"text-align: center;\"><span style=\"color: #ffffff;\">Kontaktieren Sie unseren Berater !<\/span><\/h2>\n<p style=\"text-align: center;\"><span style=\"color: #ffffff;\">+48 (22) 789 75 67<\/span><br \/>\n<span style=\"color: #ffffff;\"> <a style=\"color: #ffffff;\" href=\"mailto:marketing@elafolie.pl\">marketing@elafolie.pl<\/a><\/span><\/p>\n[\/vc_column_text][nectar_btn size=&#8220;large&#8220; open_new_tab=&#8220;true&#8220; button_style=&#8220;see-through-2&#8243; color_override=&#8220;#ffffff&#8220; hover_color_override=&#8220;#ffffff&#8220; hover_text_color_override=&#8220;#000000&#8243; icon_family=&#8220;none&#8220; url=&#8220;http:\/\/elafolie.pl\/de\/kontaktieren-sie-uns\/&#8220; text=&#8220;Kontakt&#8220; margin_top=&#8220;30&#8243; margin_bottom=&#8220;1&#8243;][divider line_type=&#8220;No Line&#8220; custom_height=&#8220;15&#8243;][\/vc_column_inner][\/vc_row_inner][\/vc_column][\/vc_row]\n","protected":false},"excerpt":{"rendered":"<p>[vc_row type=&#8220;full_width_background&#8220; full_screen_row_position=&#8220;middle&#8220; equal_height=&#8220;yes&#8220; content_placement=&#8220;middle&#8220; scene_position=&#8220;center&#8220; text_color=&#8220;light&#8220; text_align=&#8220;left&#8220; top_padding=&#8220;1%&#8220; bottom_padding=&#8220;3%&#8220; id=&#8220;built-by-riders&#8220; row_name=&#8220;Built By Riders&#8220; overlay_strength=&#8220;0.3&#8243; shape_divider_position=&#8220;bottom&#8220; shape_type=&#8220;&#8220;][vc_column column_padding=&#8220;no-extra-padding&#8220; column_padding_position=&#8220;all&#8220; background_color_opacity=&#8220;1&#8243; background_hover_color_opacity=&#8220;1&#8243; column_shadow=&#8220;none&#8220; column_border_radius=&#8220;none&#8220; width=&#8220;1\/4&#8243; tablet_text_alignment=&#8220;default&#8220;&#8230;<\/p>\n","protected":false},"author":1,"featured_media":0,"parent":0,"menu_order":0,"comment_status":"closed","ping_status":"closed","template":"","meta":[],"_links":{"self":[{"href":"https:\/\/elafolie.pl\/de\/wp-json\/wp\/v2\/pages\/7806"}],"collection":[{"href":"https:\/\/elafolie.pl\/de\/wp-json\/wp\/v2\/pages"}],"about":[{"href":"https:\/\/elafolie.pl\/de\/wp-json\/wp\/v2\/types\/page"}],"author":[{"embeddable":true,"href":"https:\/\/elafolie.pl\/de\/wp-json\/wp\/v2\/users\/1"}],"replies":[{"embeddable":true,"href":"https:\/\/elafolie.pl\/de\/wp-json\/wp\/v2\/comments?post=7806"}],"version-history":[{"count":4,"href":"https:\/\/elafolie.pl\/de\/wp-json\/wp\/v2\/pages\/7806\/revisions"}],"predecessor-version":[{"id":8530,"href":"https:\/\/elafolie.pl\/de\/wp-json\/wp\/v2\/pages\/7806\/revisions\/8530"}],"wp:attachment":[{"href":"https:\/\/elafolie.pl\/de\/wp-json\/wp\/v2\/media?parent=7806"}],"curies":[{"name":"wp","href":"https:\/\/api.w.org\/{rel}","templated":true}]}}