{"id":7786,"date":"2017-12-10T17:47:47","date_gmt":"2017-12-10T16:47:47","guid":{"rendered":"http:\/\/elafolie.stronazen.pl\/folie-do-pakowania-ziemi\/"},"modified":"2018-03-25T11:42:13","modified_gmt":"2018-03-25T09:42:13","slug":"folien-zur-bodenverpackung","status":"publish","type":"page","link":"https:\/\/elafolie.pl\/de\/folien-zur-bodenverpackung\/","title":{"rendered":"Folien zur Bodenverpackung"},"content":{"rendered":"[vc_row type=&#8220;full_width_background&#8220; full_screen_row_position=&#8220;middle&#8220; equal_height=&#8220;yes&#8220; content_placement=&#8220;middle&#8220; scene_position=&#8220;center&#8220; text_color=&#8220;light&#8220; text_align=&#8220;left&#8220; top_padding=&#8220;1%&#8220; bottom_padding=&#8220;3%&#8220; id=&#8220;built-by-riders&#8220; row_name=&#8220;Built By Riders&#8220; overlay_strength=&#8220;0.3&#8243; shape_divider_position=&#8220;bottom&#8220; shape_type=&#8220;&#8220;][vc_column column_padding=&#8220;padding-1-percent&#8220; column_padding_position=&#8220;all&#8220; background_color_opacity=&#8220;1&#8243; background_hover_color_opacity=&#8220;1&#8243; column_shadow=&#8220;none&#8220; column_border_radius=&#8220;none&#8220; width=&#8220;1\/2&#8243; tablet_text_alignment=&#8220;default&#8220; phone_text_alignment=&#8220;default&#8220; column_border_width=&#8220;none&#8220; column_border_style=&#8220;solid&#8220;][nectar_cascading_images image_1_bg_color=&#8220;#c01a1c&#8220; image_1_offset_x_sign=&#8220;+&#8220; image_1_offset_x=&#8220;0%&#8220; image_1_offset_y_sign=&#8220;+&#8220; image_1_offset_y=&#8220;0%&#8220; image_1_rotate_sign=&#8220;+&#8220; image_1_rotate=&#8220;none&#8220; image_1_animation=&#8220;Grow In&#8220; image_1_box_shadow=&#8220;none&#8220; image_2_url=&#8220;7101&#8243; image_2_offset_x_sign=&#8220;+&#8220; image_2_offset_x=&#8220;10%&#8220; image_2_offset_y_sign=&#8220;+&#8220; image_2_offset_y=&#8220;15%&#8220; image_2_rotate_sign=&#8220;+&#8220; image_2_rotate=&#8220;none&#8220; image_2_animation=&#8220;Grow In&#8220; image_2_box_shadow=&#8220;none&#8220; image_3_offset_x_sign=&#8220;-&#8220; image_3_offset_x=&#8220;0%&#8220; image_3_offset_y_sign=&#8220;-&#8220; image_3_offset_y=&#8220;0%&#8220; image_3_rotate_sign=&#8220;+&#8220; image_3_rotate=&#8220;none&#8220; image_3_animation=&#8220;Grow In&#8220; image_3_box_shadow=&#8220;x_large_depth&#8220; image_4_offset_x_sign=&#8220;+&#8220; image_4_offset_x=&#8220;0%&#8220; image_4_offset_y_sign=&#8220;+&#8220; image_4_offset_y=&#8220;0%&#8220; image_4_rotate_sign=&#8220;+&#8220; image_4_rotate=&#8220;none&#8220; image_4_animation=&#8220;Fade In&#8220; image_4_box_shadow=&#8220;none&#8220; border_radius=&#8220;none&#8220;][\/vc_column][vc_column enable_animation=&#8220;true&#8220; animation=&#8220;fade-in&#8220; column_padding=&#8220;no-extra-padding&#8220; column_padding_position=&#8220;all&#8220; background_color_opacity=&#8220;1&#8243; background_hover_color_opacity=&#8220;1&#8243; column_shadow=&#8220;none&#8220; column_border_radius=&#8220;none&#8220; width=&#8220;1\/2&#8243; tablet_text_alignment=&#8220;default&#8220; phone_text_alignment=&#8220;default&#8220; column_border_width=&#8220;none&#8220; column_border_style=&#8220;solid&#8220;][divider line_type=&#8220;No Line&#8220; custom_height=&#8220;52&#8243;][nectar_animated_title heading_tag=&#8220;h6&#8243; style=&#8220;color-strip-reveal&#8220; color=&#8220;Extra-Color-1&#8243; text=&#8220;F\u00fcrs Haus und den Garten &#8222;][vc_column_text]\n<h2><span style=\"color: #000000;\">Folien zur Bodenverpackung <\/span><\/h2>\n[\/vc_column_text][vc_column_text css=&#8220;.vc_custom_1520524061391{margin-top: 20px !important;padding-right: 10% !important;}&#8220;]<span style=\"color: #000000;\">Je nach den Bed\u00fcrfnissen des Kunden und der vorgesehenen Verwendungszwecken wird die Folie zur Produktion von Beuteln aus Poly\u00e4thylen LDPE, HDPE oder MDPE, mit Farbzus\u00e4tzen und Zus\u00e4tzen, die ihre physischen Eigenschaften modifizieren. Wir produzieren wei\u00df-schwarze Folien in Form von B\u00e4ndern, die am R\u00fccken verschwei\u00dft werden. Der Hauptvorteil dieser L\u00f6sung ist die M\u00f6glichkeit, die ganze Fl\u00e4che samt den Einschl\u00e4gen zu bedrucken. Unsere Folien zeichnen sich durch eine hohe Best\u00e4ndigkeit gegen mechanische Besch\u00e4digungen aus. Die Folie wird mit dem UV-Stabilisator ausgestattet, der die Poly\u00e4thylen-Degradierung vorbeugt.<\/span>[\/vc_column_text][\/vc_column][\/vc_row][vc_row type=&#8220;full_width_content&#8220; full_screen_row_position=&#8220;middle&#8220; equal_height=&#8220;yes&#8220; content_placement=&#8220;middle&#8220; bg_color=&#8220;#ffffff&#8220; scene_position=&#8220;center&#8220; text_color=&#8220;dark&#8220; text_align=&#8220;left&#8220; id=&#8220;start&#8220; disable_element=&#8220;yes&#8220; overlay_strength=&#8220;0.3&#8243; shape_divider_position=&#8220;bottom&#8220; shape_type=&#8220;&#8220;][vc_column column_padding=&#8220;padding-10-percent&#8220; column_padding_position=&#8220;all&#8220; background_color=&#8220;#ffffff&#8220; background_color_opacity=&#8220;1&#8243; background_hover_color_opacity=&#8220;1&#8243; column_shadow=&#8220;none&#8220; column_border_radius=&#8220;none&#8220; width=&#8220;1\/2&#8243; tablet_text_alignment=&#8220;default&#8220; phone_text_alignment=&#8220;default&#8220; column_border_width=&#8220;none&#8220; column_border_style=&#8220;solid&#8220;][vc_row_inner column_margin=&#8220;default&#8220; text_align=&#8220;left&#8220;][vc_column_inner enable_animation=&#8220;true&#8220; animation=&#8220;fade-in-from-bottom&#8220; column_padding=&#8220;no-extra-padding&#8220; column_padding_position=&#8220;all&#8220; background_color_opacity=&#8220;1&#8243; background_hover_color_opacity=&#8220;1&#8243; column_shadow=&#8220;none&#8220; column_border_radius=&#8220;none&#8220; width=&#8220;1\/1&#8243; column_border_width=&#8220;none&#8220; column_border_style=&#8220;solid&#8220;][vc_custom_heading text=&#8220;Folie do pakowania ziemi &#8220; font_container=&#8220;tag:h5|text_align:left|color:%23bfbfbf&#8220; use_theme_fonts=&#8220;yes&#8220; css=&#8220;.vc_custom_1512924394106{margin-bottom: 10px !important;}&#8220;][vc_custom_heading text=&#8220;Produkujemy folie, bia\u0142o &#8211; czarne w formie ta\u015bm, zgrzewane na plecach. G\u0142\u00f3wn\u0105 zalet\u0105 takiego rozwi\u0105zania, jest mo\u017cliwo\u015b\u0107 zadrukowania ca\u0142ej powierzchni, \u0142\u0105cznie z zak\u0142adkami. Nasze folie charakteryzuj\u0105 si\u0119 wytrzyma\u0142o\u015bci\u0105 na uszkodzenia mechaniczne. Do folii dodawany jest stabilizator UV, kt\u00f3ry zapobiega degradacji polietylenu.&#8220; font_container=&#8220;tag:p|font_size:19|text_align:justify|color:rgba(10%2C10%2C10%2C0.9)&#8220; use_theme_fonts=&#8220;yes&#8220;][\/vc_column_inner][\/vc_row_inner][\/vc_column][vc_column column_padding=&#8220;no-extra-padding&#8220; column_padding_position=&#8220;all&#8220; background_color_opacity=&#8220;1&#8243; background_hover_color_opacity=&#8220;1&#8243; background_image=&#8220;7101&#8243; enable_bg_scale=&#8220;true&#8220; column_shadow=&#8220;none&#8220; column_border_radius=&#8220;none&#8220; width=&#8220;1\/2&#8243; tablet_text_alignment=&#8220;default&#8220; phone_text_alignment=&#8220;default&#8220; column_border_width=&#8220;none&#8220; column_border_style=&#8220;solid&#8220;][\/vc_column][\/vc_row][vc_row type=&#8220;full_width_background&#8220; full_screen_row_position=&#8220;middle&#8220; equal_height=&#8220;yes&#8220; content_placement=&#8220;middle&#8220; bg_color=&#8220;#f9f9f9&#8243; scene_position=&#8220;center&#8220; text_color=&#8220;dark&#8220; text_align=&#8220;left&#8220; top_padding=&#8220;2%&#8220; bottom_padding=&#8220;1%&#8220; overlay_strength=&#8220;0.3&#8243; shape_divider_position=&#8220;bottom&#8220; shape_type=&#8220;&#8220;][vc_column column_padding=&#8220;no-extra-padding&#8220; column_padding_position=&#8220;all&#8220; background_color_opacity=&#8220;1&#8243; background_hover_color_opacity=&#8220;1&#8243; column_shadow=&#8220;none&#8220; column_border_radius=&#8220;none&#8220; width=&#8220;1\/4&#8243; tablet_text_alignment=&#8220;center&#8220; phone_text_alignment=&#8220;center&#8220; column_border_width=&#8220;none&#8220; column_border_style=&#8220;solid&#8220;][vc_custom_heading text=&#8220;Katalog&#8220; font_container=&#8220;tag:h5|text_align:left&#8220; google_fonts=&#8220;font_family:Roboto%20Condensed%3A300%2C300italic%2Cregular%2Citalic%2C700%2C700italic|font_style:700%20bold%20regular%3A700%3Anormal&#8220;][\/vc_column][vc_column column_padding=&#8220;no-extra-padding&#8220; column_padding_position=&#8220;all&#8220; background_color_opacity=&#8220;1&#8243; background_hover_color_opacity=&#8220;1&#8243; column_shadow=&#8220;none&#8220; column_border_radius=&#8220;none&#8220; width=&#8220;1\/2&#8243; tablet_text_alignment=&#8220;center&#8220; phone_text_alignment=&#8220;center&#8220; column_border_width=&#8220;none&#8220; column_border_style=&#8220;solid&#8220;][vc_custom_heading text=&#8220;Schauen Sie sich unseren Produktkatalog an!&#8220; font_container=&#8220;tag:h5|text_align:center&#8220; google_fonts=&#8220;font_family:Roboto%20Condensed%3A300%2C300italic%2Cregular%2Citalic%2C700%2C700italic|font_style:700%20bold%20regular%3A700%3Anormal&#8220;][\/vc_column][vc_column column_padding=&#8220;no-extra-padding&#8220; column_padding_position=&#8220;all&#8220; background_color_opacity=&#8220;1&#8243; background_hover_color_opacity=&#8220;1&#8243; column_shadow=&#8220;none&#8220; column_border_radius=&#8220;none&#8220; width=&#8220;1\/4&#8243; tablet_text_alignment=&#8220;default&#8220; phone_text_alignment=&#8220;default&#8220; column_border_width=&#8220;none&#8220; column_border_style=&#8220;solid&#8220;][vc_row_inner column_margin=&#8220;default&#8220; text_align=&#8220;right&#8220;][vc_column_inner column_padding=&#8220;no-extra-padding&#8220; column_padding_position=&#8220;all&#8220; background_color_opacity=&#8220;1&#8243; background_hover_color_opacity=&#8220;1&#8243; column_shadow=&#8220;none&#8220; column_border_radius=&#8220;none&#8220; width=&#8220;1\/1&#8243; column_border_width=&#8220;none&#8220; column_border_style=&#8220;solid&#8220;][divider line_type=&#8220;No Line&#8220; custom_height=&#8220;10&#8243;][nectar_btn size=&#8220;large&#8220; button_style=&#8220;see-through&#8220; button_color_2=&#8220;Extra-Color-1&#8243; icon_family=&#8220;none&#8220; url=&#8220;http:\/\/elafolie.pl\/wp-content\/uploads\/2018\/03\/INT_DE.pdf&#8220; text=&#8220;SIEHE KATALOG&#8220; margin_bottom=&#8220;0&#8243;][\/vc_column_inner][\/vc_row_inner][\/vc_column][\/vc_row][vc_row type=&#8220;full_width_background&#8220; full_screen_row_position=&#8220;middle&#8220; equal_height=&#8220;yes&#8220; content_placement=&#8220;middle&#8220; bg_color=&#8220;#ffffff&#8220; scene_position=&#8220;center&#8220; text_color=&#8220;dark&#8220; text_align=&#8220;left&#8220; top_padding=&#8220;6%&#8220; bottom_padding=&#8220;11%&#8220; overlay_strength=&#8220;0.3&#8243; shape_divider_position=&#8220;bottom&#8220; shape_type=&#8220;&#8220;][vc_column column_padding=&#8220;no-extra-padding&#8220; column_padding_position=&#8220;all&#8220; background_color_opacity=&#8220;1&#8243; background_hover_color_opacity=&#8220;1&#8243; column_shadow=&#8220;none&#8220; column_border_radius=&#8220;none&#8220; width=&#8220;3\/12&#8243; tablet_text_alignment=&#8220;default&#8220; phone_text_alignment=&#8220;default&#8220; column_border_width=&#8220;none&#8220; column_border_style=&#8220;solid&#8220;][vc_custom_heading text=&#8220;Kundschaft&#8220; font_container=&#8220;tag:h1|text_align:center|color:%23003150&#8243; google_fonts=&#8220;font_family:Hind%3A300%2Cregular%2C500%2C600%2C700|font_style:700%20bold%20regular%3A700%3Anormal&#8220; css_animation=&#8220;none&#8220; css=&#8220;.vc_custom_1520523919924{padding-top: 10px !important;}&#8220;][\/vc_column][vc_column column_padding=&#8220;no-extra-padding&#8220; column_padding_position=&#8220;all&#8220; background_color_opacity=&#8220;1&#8243; background_hover_color_opacity=&#8220;1&#8243; column_shadow=&#8220;none&#8220; column_border_radius=&#8220;none&#8220; width=&#8220;9\/12&#8243; tablet_text_alignment=&#8220;default&#8220; phone_text_alignment=&#8220;default&#8220; column_border_width=&#8220;none&#8220; column_border_style=&#8220;solid&#8220;][clients columns=&#8220;5&#8243; hover_effect=&#8220;opacity&#8220; additional_padding=&#8220;none&#8220; carousel=&#8220;true&#8220;][client image=&#8220;7046&#8243; title=&#8220;Client&#8220; id=&#8220;1507130915658-538e0-6b36&#8243; url=&#8220;#&#8220; name=&#8220;elevate&#8220; tab_id=&#8220;1512584261137-3&#8243;] \u00a0[\/client][client image=&#8220;7042&#8243; title=&#8220;Client&#8220; id=&#8220;1507130915688-238e0-6b36&#8243; url=&#8220;#&#8220; name=&#8220;harper&#8220; tab_id=&#8220;1512584261210-0&#8243;] [\/client][client image=&#8220;7038&#8243; title=&#8220;Client&#8220; id=&#8220;1507130915722-338e0-6b36&#8243; url=&#8220;#&#8220; name=&#8220;waveform&#8220; tab_id=&#8220;1512584261367-4&#8243;] [\/client][client image=&#8220;7034&#8243; title=&#8220;Client&#8220; id=&#8220;1507130915763-338e0-6b36&#8243; url=&#8220;#&#8220; name=&#8220;brooklyn&#8220; tab_id=&#8220;1512584261416-7&#8243;] [\/client][client image=&#8220;7030&#8243; title=&#8220;Client&#8220; id=&#8220;1507130915805-338e0-6b36&#8243; url=&#8220;#&#8220; name=&#8220;camallero&#8220; tab_id=&#8220;1512584261461-6&#8243;][\/client][client image=&#8220;7026&#8243; title=&#8220;Client&#8220; id=&#8220;1507130915846-438e0-6b36&#8243; url=&#8220;#&#8220; name=&#8220;ollostream&#8220; tab_id=&#8220;1512584261527-7&#8243;] [\/client][client image=&#8220;7022&#8243; title=&#8220;Client&#8220; id=&#8220;1507130915873-438e0-6b36&#8243; url=&#8220;#&#8220; name=&#8220;golden grid&#8220; tab_id=&#8220;1512584261565-7&#8243;][\/client][client image=&#8220;7274&#8243; title=&#8220;Client&#8220; id=&#8220;1519940865118-0-10&#8243; tab_id=&#8220;1519940865121-6&#8243;][\/client][client image=&#8220;7653&#8243; title=&#8220;Client&#8220; id=&#8220;1520432849106-0-4&#8243; tab_id=&#8220;1520432849110-9&#8243;][\/client][client title=&#8220;Client&#8220; id=&#8220;1520432859341-0-6&#8243; tab_id=&#8220;1520432859345-6&#8243;][\/client][client image=&#8220;7649&#8243; title=&#8220;Client&#8220; id=&#8220;1520432861051-0-7&#8243; tab_id=&#8220;1520432861054-6&#8243;][\/client][\/clients][\/vc_column][\/vc_row][vc_row type=&#8220;full_width_background&#8220; full_screen_row_position=&#8220;middle&#8220; bg_color=&#8220;#f2f2f2&#8243; scene_position=&#8220;center&#8220; text_color=&#8220;dark&#8220; text_align=&#8220;left&#8220; top_padding=&#8220;60&#8243; overlay_strength=&#8220;0.3&#8243; enable_shape_divider=&#8220;true&#8220; shape_divider_color=&#8220;#ffffff&#8220; shape_divider_position=&#8220;top&#8220; shape_divider_height=&#8220;80&#8243; shape_type=&#8220;curve&#8220;][vc_column column_padding=&#8220;no-extra-padding&#8220; column_padding_position=&#8220;all&#8220; background_color_opacity=&#8220;1&#8243; background_hover_color_opacity=&#8220;1&#8243; font_color=&#8220;#ffffff&#8220; column_shadow=&#8220;none&#8220; column_border_radius=&#8220;none&#8220; width=&#8220;1\/1&#8243; tablet_text_alignment=&#8220;default&#8220; phone_text_alignment=&#8220;default&#8220; column_border_width=&#8220;none&#8220; column_border_style=&#8220;solid&#8220; translate_y=&#8220;-50%&#8220;][vc_row_inner column_margin=&#8220;default&#8220; translate_y=&#8220;-50%&#8220; text_align=&#8220;left&#8220;][vc_column_inner enable_animation=&#8220;true&#8220; animation=&#8220;flip-in-vertical&#8220; column_padding=&#8220;padding-3-percent&#8220; column_padding_position=&#8220;all&#8220; centered_text=&#8220;true&#8220; background_color=&#8220;#003150&#8243; background_color_opacity=&#8220;1&#8243; background_hover_color_opacity=&#8220;1&#8243; font_color=&#8220;#ffffff&#8220; column_shadow=&#8220;x_large_depth&#8220; column_border_radius=&#8220;20px&#8220; top_margin=&#8220;15&#8243; width=&#8220;1\/1&#8243; column_border_width=&#8220;none&#8220; column_border_style=&#8220;solid&#8220;][divider line_type=&#8220;No Line&#8220; custom_height=&#8220;15&#8243;][vc_column_text]\n<h2 style=\"text-align: center;\"><span style=\"color: #ffffff;\">Kontaktieren Sie unseren Berater !<\/span><\/h2>\n<p style=\"text-align: center;\"><span style=\"color: #ffffff;\">+48 (22) 789 75 67<\/span><br \/>\n<span style=\"color: #ffffff;\"> <a style=\"color: #ffffff;\" href=\"mailto:marketing@elafolie.pl\">marketing@elafolie.pl<\/a><\/span><\/p>\n[\/vc_column_text][nectar_btn size=&#8220;large&#8220; open_new_tab=&#8220;true&#8220; button_style=&#8220;see-through-2&#8243; color_override=&#8220;#ffffff&#8220; hover_color_override=&#8220;#ffffff&#8220; hover_text_color_override=&#8220;#000000&#8243; icon_family=&#8220;none&#8220; url=&#8220;http:\/\/elafolie.pl\/de\/kontaktieren-sie-uns\/&#8220; text=&#8220;Kontakt&#8220; margin_top=&#8220;30&#8243; margin_bottom=&#8220;1&#8243;][divider line_type=&#8220;No Line&#8220; custom_height=&#8220;15&#8243;][\/vc_column_inner][\/vc_row_inner][image_with_animation image_url=&#8220;8553&#8243; alignment=&#8220;&#8220; animation=&#8220;Fade In&#8220; border_radius=&#8220;none&#8220; box_shadow=&#8220;none&#8220; max_width=&#8220;100%&#8220;][\/vc_column][\/vc_row]\n","protected":false},"excerpt":{"rendered":"<p>[vc_row type=&#8220;full_width_background&#8220; full_screen_row_position=&#8220;middle&#8220; equal_height=&#8220;yes&#8220; content_placement=&#8220;middle&#8220; scene_position=&#8220;center&#8220; text_color=&#8220;light&#8220; text_align=&#8220;left&#8220; top_padding=&#8220;1%&#8220; bottom_padding=&#8220;3%&#8220; id=&#8220;built-by-riders&#8220; row_name=&#8220;Built By Riders&#8220; overlay_strength=&#8220;0.3&#8243; shape_divider_position=&#8220;bottom&#8220; shape_type=&#8220;&#8220;][vc_column column_padding=&#8220;padding-1-percent&#8220; column_padding_position=&#8220;all&#8220; background_color_opacity=&#8220;1&#8243; background_hover_color_opacity=&#8220;1&#8243; column_shadow=&#8220;none&#8220; column_border_radius=&#8220;none&#8220; width=&#8220;1\/2&#8243; tablet_text_alignment=&#8220;default&#8220;&#8230;<\/p>\n","protected":false},"author":1,"featured_media":0,"parent":0,"menu_order":0,"comment_status":"closed","ping_status":"closed","template":"","meta":[],"_links":{"self":[{"href":"https:\/\/elafolie.pl\/de\/wp-json\/wp\/v2\/pages\/7786"}],"collection":[{"href":"https:\/\/elafolie.pl\/de\/wp-json\/wp\/v2\/pages"}],"about":[{"href":"https:\/\/elafolie.pl\/de\/wp-json\/wp\/v2\/types\/page"}],"author":[{"embeddable":true,"href":"https:\/\/elafolie.pl\/de\/wp-json\/wp\/v2\/users\/1"}],"replies":[{"embeddable":true,"href":"https:\/\/elafolie.pl\/de\/wp-json\/wp\/v2\/comments?post=7786"}],"version-history":[{"count":4,"href":"https:\/\/elafolie.pl\/de\/wp-json\/wp\/v2\/pages\/7786\/revisions"}],"predecessor-version":[{"id":8659,"href":"https:\/\/elafolie.pl\/de\/wp-json\/wp\/v2\/pages\/7786\/revisions\/8659"}],"wp:attachment":[{"href":"https:\/\/elafolie.pl\/de\/wp-json\/wp\/v2\/media?parent=7786"}],"curies":[{"name":"wp","href":"https:\/\/api.w.org\/{rel}","templated":true}]}}