{"id":6805,"date":"2017-12-13T18:34:44","date_gmt":"2017-12-13T17:34:44","guid":{"rendered":"http:\/\/elafolie.stronazen.pl\/polityka-jakosci\/"},"modified":"2019-04-17T15:00:53","modified_gmt":"2019-04-17T13:00:53","slug":"qualitaetspolitik","status":"publish","type":"page","link":"https:\/\/elafolie.pl\/de\/qualitaetspolitik\/","title":{"rendered":"QUALIT\u00c4TSPOLITIK"},"content":{"rendered":"[vc_row type=&#8220;full_width_background&#8220; full_screen_row_position=&#8220;middle&#8220; equal_height=&#8220;yes&#8220; content_placement=&#8220;middle&#8220; bg_image=&#8220;7487&#8243; bg_position=&#8220;center center&#8220; bg_repeat=&#8220;no-repeat&#8220; parallax_bg=&#8220;true&#8220; parallax_bg_speed=&#8220;fast&#8220; scene_position=&#8220;center&#8220; text_color=&#8220;light&#8220; text_align=&#8220;left&#8220; top_padding=&#8220;15%&#8220; bottom_padding=&#8220;15%&#8220; color_overlay=&#8220;rgba(10,6,6,0.84)&#8220; overlay_strength=&#8220;0.5&#8243; shape_divider_position=&#8220;bottom&#8220; shape_type=&#8220;&#8220;][vc_column column_padding=&#8220;no-extra-padding&#8220; column_padding_position=&#8220;all&#8220; background_color_opacity=&#8220;1&#8243; background_hover_color_opacity=&#8220;1&#8243; column_shadow=&#8220;none&#8220; column_border_radius=&#8220;none&#8220; width=&#8220;1\/1&#8243; tablet_text_alignment=&#8220;default&#8220; phone_text_alignment=&#8220;default&#8220; column_border_width=&#8220;none&#8220; column_border_style=&#8220;solid&#8220;][vc_row_inner column_margin=&#8220;default&#8220; text_align=&#8220;left&#8220;][vc_column_inner column_padding=&#8220;no-extra-padding&#8220; column_padding_position=&#8220;all&#8220; background_color_opacity=&#8220;1&#8243; background_hover_color_opacity=&#8220;1&#8243; column_shadow=&#8220;none&#8220; column_border_radius=&#8220;none&#8220; width=&#8220;1\/6&#8243; column_border_width=&#8220;none&#8220; column_border_style=&#8220;solid&#8220;][\/vc_column_inner][vc_column_inner column_padding=&#8220;padding-2-percent&#8220; column_padding_position=&#8220;left-right&#8220; centered_text=&#8220;true&#8220; background_color_opacity=&#8220;1&#8243; background_hover_color_opacity=&#8220;1&#8243; column_shadow=&#8220;none&#8220; column_border_radius=&#8220;none&#8220; width=&#8220;2\/3&#8243; column_border_width=&#8220;none&#8220; column_border_style=&#8220;solid&#8220;][vc_custom_heading text=&#8220;QUALIT\u00c4TSPOLITIK&#8220; font_container=&#8220;tag:h2|font_size:52|text_align:center|line_height:52px&#8220; use_theme_fonts=&#8220;yes&#8220; css_animation=&#8220;fadeInUp&#8220;][divider line_type=&#8220;No Line&#8220; custom_height=&#8220;10&#8243;][vc_custom_heading text=&#8220;Um das Zufrieden unserer Kunden kompromisslos zu erreichen, wollen wir uns auf dem Markt als ein glaubw\u00fcrdiger, flexibler Lieferant, der eine breite Zug\u00e4nglichkeit seiner Erzeugnisse sichert, zeigen. &#8220; font_container=&#8220;tag:p|font_size:17|text_align:center|color:%23ffffff&#8220; use_theme_fonts=&#8220;yes&#8220; css_animation=&#8220;fadeInUp&#8220; css=&#8220;.vc_custom_1519077020435{margin-top: 10px !important;margin-bottom: 10px !important;}&#8220;][nectar_btn size=&#8220;large&#8220; button_style=&#8220;regular&#8220; button_color_2=&#8220;Accent-Color&#8220; icon_family=&#8220;default_arrow&#8220; url=&#8220;#start&#8220; text=&#8220;LESEN SIE MEHR&#8220; css_animation=&#8220;zoomIn&#8220;][\/vc_column_inner][vc_column_inner column_padding=&#8220;no-extra-padding&#8220; column_padding_position=&#8220;all&#8220; background_color_opacity=&#8220;1&#8243; background_hover_color_opacity=&#8220;1&#8243; column_shadow=&#8220;none&#8220; column_border_radius=&#8220;none&#8220; width=&#8220;1\/6&#8243; column_border_width=&#8220;none&#8220; column_border_style=&#8220;solid&#8220;][\/vc_column_inner][\/vc_row_inner][\/vc_column][\/vc_row][vc_row type=&#8220;in_container&#8220; full_screen_row_position=&#8220;middle&#8220; scene_position=&#8220;center&#8220; text_color=&#8220;dark&#8220; text_align=&#8220;left&#8220; top_padding=&#8220;2%&#8220; bottom_padding=&#8220;4%&#8220; id=&#8220;start&#8220; overlay_strength=&#8220;0.3&#8243; shape_divider_position=&#8220;bottom&#8220; shape_type=&#8220;&#8220;][vc_column column_padding=&#8220;no-extra-padding&#8220; column_padding_position=&#8220;all&#8220; background_color_opacity=&#8220;1&#8243; background_hover_color_opacity=&#8220;1&#8243; column_shadow=&#8220;none&#8220; column_border_radius=&#8220;none&#8220; width=&#8220;1\/1&#8243; tablet_text_alignment=&#8220;default&#8220; phone_text_alignment=&#8220;default&#8220; column_border_width=&#8220;none&#8220; column_border_style=&#8220;solid&#8220;][divider line_type=&#8220;No Line&#8220; custom_height=&#8220;25&#8243;][vc_row_inner column_margin=&#8220;default&#8220; text_align=&#8220;left&#8220;][vc_column_inner column_padding=&#8220;no-extra-padding&#8220; column_padding_position=&#8220;all&#8220; background_color_opacity=&#8220;1&#8243; background_hover_color_opacity=&#8220;1&#8243; column_shadow=&#8220;none&#8220; column_border_radius=&#8220;none&#8220; width=&#8220;1\/2&#8243; column_border_width=&#8220;none&#8220; column_border_style=&#8220;solid&#8220;][vc_column_text]<strong>Zur Realisierung der so formulierten Ziele f\u00fchren wir die Organisation mit dem Qualit\u00e4tsmanagementsystem gem\u00e4\u00df ISO 9001: 2000 ein und es st\u00e4ndig vervollkommnen, das sich vor allem durch:<\/strong><\/p>\n<ul>\n<li>den direkten Kontakt mit dem Kunden, um seine Bed\u00fcrfnisse und Erwartungen genau zu verstehen und eindeutige Grunds\u00e4tze der Zusammenarbeit festzusetzen,<\/li>\n<li>Bearbeiten von neuen Erzeugnissen, die eine Antwort auf den Markt\u00fcberblick, darunter der individuellen Bed\u00fcrfnissen der Kunden ist,<\/li>\n<li>Anlehnung an bekannte und bew\u00e4hrte Lieferanten von Rohstoffen, Materialien und Maschinen,<\/li>\n<li>systematische Modernisierung der Technologien und der technischen Ausstattung,<\/li>\n<\/ul>\n[\/vc_column_text][\/vc_column_inner][vc_column_inner column_padding=&#8220;no-extra-padding&#8220; column_padding_position=&#8220;all&#8220; background_color_opacity=&#8220;1&#8243; background_hover_color_opacity=&#8220;1&#8243; column_shadow=&#8220;none&#8220; column_border_radius=&#8220;none&#8220; width=&#8220;1\/2&#8243; column_border_width=&#8220;none&#8220; column_border_style=&#8220;solid&#8220;][vc_column_text]\n<ul>\n<li>Planen und \u00dcberwachung von Produktionsprozessen, die sich auf Marketingdaten und Selbstkontrolle der pflichtbewussten Mitarbeiter sowie die zust\u00e4ndige technische Aufsicht, st\u00fctzen,<\/li>\n<li>Sicherung allen Mitarbeitern der f\u00fcr ihr Engagement unentbehrlichen Informationen u.a. dank dem effizienten Informatiksystem,<\/li>\n<li>durchdachte Wahl und Entwicklung des Personals, das systematisch an Schulungen teilnimmt, um seine F\u00e4higkeiten zu steigern, damit die Austauschbarkeit der Mitarbeiter auf einzelnen Produktionsstellen und ihre kreative Haltung beim t\u00e4glichen Funktionieren und Entwicklung der Firma, gesichert wird, auszeichnet.<\/li>\n<\/ul>\n[\/vc_column_text][\/vc_column_inner][\/vc_row_inner][\/vc_column][\/vc_row][vc_row type=&#8220;full_width_background&#8220; full_screen_row_position=&#8220;middle&#8220; bg_color=&#8220;#f9f9f9&#8243; scene_position=&#8220;center&#8220; text_color=&#8220;dark&#8220; text_align=&#8220;left&#8220; top_padding=&#8220;4%&#8220; bottom_padding=&#8220;7%&#8220; overlay_strength=&#8220;0.3&#8243; shape_divider_position=&#8220;bottom&#8220; shape_type=&#8220;&#8220;][vc_column column_padding=&#8220;no-extra-padding&#8220; column_padding_position=&#8220;all&#8220; background_color_opacity=&#8220;1&#8243; background_hover_color_opacity=&#8220;1&#8243; column_shadow=&#8220;none&#8220; column_border_radius=&#8220;none&#8220; width=&#8220;1\/1&#8243; tablet_text_alignment=&#8220;default&#8220; phone_text_alignment=&#8220;default&#8220; column_border_width=&#8220;none&#8220; column_border_style=&#8220;solid&#8220;][vc_custom_heading text=&#8220;Zertifizierungen&#8220; font_container=&#8220;tag:h2|text_align:center&#8220; use_theme_fonts=&#8220;yes&#8220; css_animation=&#8220;none&#8220;][vc_row_inner equal_height=&#8220;yes&#8220; content_placement=&#8220;middle&#8220; column_margin=&#8220;default&#8220; text_align=&#8220;left&#8220;][vc_column_inner column_padding=&#8220;no-extra-padding&#8220; column_padding_position=&#8220;all&#8220; background_color_opacity=&#8220;1&#8243; background_hover_color_opacity=&#8220;1&#8243; column_shadow=&#8220;none&#8220; column_border_radius=&#8220;none&#8220; width=&#8220;1\/4&#8243; column_border_width=&#8220;none&#8220; column_border_style=&#8220;solid&#8220;][image_with_animation image_url=&#8220;7475&#8243; alignment=&#8220;&#8220; animation=&#8220;Fade In&#8220; img_link_large=&#8220;yes&#8220; border_radius=&#8220;none&#8220; box_shadow=&#8220;small_depth&#8220; max_width=&#8220;100%&#8220;][\/vc_column_inner][vc_column_inner column_padding=&#8220;no-extra-padding&#8220; column_padding_position=&#8220;all&#8220; background_color_opacity=&#8220;1&#8243; background_hover_color_opacity=&#8220;1&#8243; column_shadow=&#8220;none&#8220; column_border_radius=&#8220;none&#8220; width=&#8220;1\/4&#8243; column_border_width=&#8220;none&#8220; column_border_style=&#8220;solid&#8220;][image_with_animation image_url=&#8220;7479&#8243; alignment=&#8220;&#8220; animation=&#8220;Fade In&#8220; img_link_large=&#8220;yes&#8220; border_radius=&#8220;none&#8220; box_shadow=&#8220;small_depth&#8220; max_width=&#8220;100%&#8220;][image_with_animation image_url=&#8220;8709&#8243; alignment=&#8220;&#8220; animation=&#8220;Fade In&#8220; img_link_large=&#8220;yes&#8220; border_radius=&#8220;none&#8220; box_shadow=&#8220;small_depth&#8220; max_width=&#8220;100%&#8220;][image_with_animation image_url=&#8220;9265&#8243; alignment=&#8220;&#8220; animation=&#8220;Fade In&#8220; img_link_large=&#8220;yes&#8220; border_radius=&#8220;none&#8220; box_shadow=&#8220;small_depth&#8220; max_width=&#8220;100%&#8220;][\/vc_column_inner][vc_column_inner column_padding=&#8220;no-extra-padding&#8220; column_padding_position=&#8220;all&#8220; background_color_opacity=&#8220;1&#8243; background_hover_color_opacity=&#8220;1&#8243; column_shadow=&#8220;none&#8220; column_border_radius=&#8220;none&#8220; width=&#8220;1\/4&#8243; column_border_width=&#8220;none&#8220; column_border_style=&#8220;solid&#8220;][image_with_animation image_url=&#8220;8974&#8243; alignment=&#8220;&#8220; animation=&#8220;Fade In&#8220; img_link_large=&#8220;yes&#8220; border_radius=&#8220;none&#8220; box_shadow=&#8220;small_depth&#8220; max_width=&#8220;100%&#8220;][\/vc_column_inner][vc_column_inner column_padding=&#8220;no-extra-padding&#8220; column_padding_position=&#8220;all&#8220; background_color_opacity=&#8220;1&#8243; background_hover_color_opacity=&#8220;1&#8243; column_shadow=&#8220;none&#8220; column_border_radius=&#8220;none&#8220; width=&#8220;1\/4&#8243; column_border_width=&#8220;none&#8220; column_border_style=&#8220;solid&#8220;][image_with_animation image_url=&#8220;8004&#8243; alignment=&#8220;&#8220; animation=&#8220;None&#8220; img_link_large=&#8220;yes&#8220; border_radius=&#8220;none&#8220; box_shadow=&#8220;small_depth&#8220; max_width=&#8220;100%&#8220;][image_with_animation image_url=&#8220;9277&#8243; alignment=&#8220;&#8220; animation=&#8220;None&#8220; img_link_large=&#8220;yes&#8220; border_radius=&#8220;none&#8220; box_shadow=&#8220;small_depth&#8220; max_width=&#8220;100%&#8220;][\/vc_column_inner][\/vc_row_inner][image_with_animation image_url=&#8220;8553&#8243; alignment=&#8220;&#8220; animation=&#8220;Fade In&#8220; border_radius=&#8220;none&#8220; box_shadow=&#8220;none&#8220; max_width=&#8220;100%&#8220;][\/vc_column][\/vc_row]\n","protected":false},"excerpt":{"rendered":"<p>[vc_row type=&#8220;full_width_background&#8220; full_screen_row_position=&#8220;middle&#8220; equal_height=&#8220;yes&#8220; content_placement=&#8220;middle&#8220; bg_image=&#8220;7487&#8243; bg_position=&#8220;center center&#8220; bg_repeat=&#8220;no-repeat&#8220; parallax_bg=&#8220;true&#8220; parallax_bg_speed=&#8220;fast&#8220; scene_position=&#8220;center&#8220; text_color=&#8220;light&#8220; text_align=&#8220;left&#8220; top_padding=&#8220;15%&#8220; bottom_padding=&#8220;15%&#8220; color_overlay=&#8220;rgba(10,6,6,0.84)&#8220; overlay_strength=&#8220;0.5&#8243; shape_divider_position=&#8220;bottom&#8220; shape_type=&#8220;&#8220;][vc_column column_padding=&#8220;no-extra-padding&#8220; column_padding_position=&#8220;all&#8220; background_color_opacity=&#8220;1&#8243; background_hover_color_opacity=&#8220;1&#8243; column_shadow=&#8220;none&#8220;&#8230;<\/p>\n","protected":false},"author":1,"featured_media":0,"parent":0,"menu_order":0,"comment_status":"closed","ping_status":"closed","template":"","meta":[],"_links":{"self":[{"href":"https:\/\/elafolie.pl\/de\/wp-json\/wp\/v2\/pages\/6805"}],"collection":[{"href":"https:\/\/elafolie.pl\/de\/wp-json\/wp\/v2\/pages"}],"about":[{"href":"https:\/\/elafolie.pl\/de\/wp-json\/wp\/v2\/types\/page"}],"author":[{"embeddable":true,"href":"https:\/\/elafolie.pl\/de\/wp-json\/wp\/v2\/users\/1"}],"replies":[{"embeddable":true,"href":"https:\/\/elafolie.pl\/de\/wp-json\/wp\/v2\/comments?post=6805"}],"version-history":[{"count":13,"href":"https:\/\/elafolie.pl\/de\/wp-json\/wp\/v2\/pages\/6805\/revisions"}],"predecessor-version":[{"id":8978,"href":"https:\/\/elafolie.pl\/de\/wp-json\/wp\/v2\/pages\/6805\/revisions\/8978"}],"wp:attachment":[{"href":"https:\/\/elafolie.pl\/de\/wp-json\/wp\/v2\/media?parent=6805"}],"curies":[{"name":"wp","href":"https:\/\/api.w.org\/{rel}","templated":true}]}}